{"id":736,"date":"2020-02-22T01:20:22","date_gmt":"2020-02-21T18:20:22","guid":{"rendered":"http:\/\/www.anhdong.com.vn\/adw\/?post_type=product&#038;p=736"},"modified":"2020-02-23T14:33:46","modified_gmt":"2020-02-23T07:33:46","slug":"may-can-bich-tdc-double","status":"publish","type":"product","link":"http:\/\/www.anhdong.com.vn\/adw\/sanpham\/may-can-bich-tdc-double\/","title":{"rendered":"M\u00c1Y C\u00c1N B\u00cdCH TDC-DOUBLE"},"content":{"rendered":"<p><img loading=\"lazy\" class=\"size-medium wp-image-715 aligncenter\" src=\"http:\/\/www.anhdong.com.vn\/adw\/wp-content\/uploads\/001-06_M\u00c1Y_TDC-DOUBLE_02.jpg\" alt=\"\" width=\"600\" height=\"600\" \/><\/p>\n<p><img loading=\"lazy\" class=\"size-medium wp-image-716 aligncenter\" src=\"http:\/\/www.anhdong.com.vn\/adw\/wp-content\/uploads\/001-06_M\u00c1Y_TDC-DOUBLE_03.jpg\" alt=\"\" width=\"600\" height=\"600\" \/><\/p>\n<p><img loading=\"lazy\" class=\"size-medium wp-image-716 aligncenter\" src=\"http:\/\/www.anhdong.com.vn\/adw\/wp-content\/uploads\/001-06_M\u00c1Y_TDC-DOUBLE_05.jpg\" alt=\"\" width=\"600\" height=\"600\" \/><\/p>\n<p><img loading=\"lazy\" class=\"size-medium wp-image-716 aligncenter\" src=\"http:\/\/www.anhdong.com.vn\/adw\/wp-content\/uploads\/001-06_M\u00c1Y_TDC-DOUBLE_04.jpg\" alt=\"\" width=\"600\" height=\"600\" \/><\/p>\n","protected":false},"excerpt":{"rendered":"<h3>TH\u00d4NG S\u1ed0 C\u01a0 B\u1ea2N<\/h3>\n<p>&#8211; K\u00edch th\u01b0\u1edbc m\u00e1y: d\u00e0i 2000mm x r\u1ed9ng 2000mm x cao 800mm<br \/>\n&#8211; Tr\u1ecdng l\u01b0\u1ee3ng m\u00e1y: 940Kg<br \/>\n&#8211; \u0110\u1ed9 d\u00e0y t\u00f4n 0.5mm \u0111\u1ebfn 1.2mm<br \/>\n&#8211; Ph\u00f4i nh\u1ecf nh\u1ea5t c\u00e1n \u0111\u01b0\u1ee3c tr\u00ean m\u00e1y 1200mm x 200mm (cho d\u00e3y b\u00edch \u0111\u00f4i)<br \/>\n&#8211; Ph\u00f4i nh\u1ecf nh\u1ea5t c\u00e1n \u0111\u01b0\u1ee3c tr\u00ean m\u00e1y 150mm x 150mm (cho b\u00edch \u0111\u01a1n v\u00e0 m\u00ed k\u00e9p)<br \/>\n&#8211; \u0110\u1ed9ng c\u01a1 3.7kW-380V<\/p>\n<h3>\u01afU \u0110I\u1ec2M<\/h3>\n<p>&#8211; Khu\u00f4n c\u00e1n \u0111\u01b0\u1ee3c l\u00e0m t\u1eeb th\u00e9p nh\u1eadp kh\u1ea9u v\u00e0 \u0111\u01b0\u1ee3c nhi\u1ec7t luy\u1ec7n \u0111\u1ea1t \u0111\u1ed9 c\u1ee9ng 58HRC<\/p>\n","protected":false},"featured_media":1230,"template":"","meta":[],"_links":{"self":[{"href":"http:\/\/www.anhdong.com.vn\/adw\/wp-json\/wp\/v2\/product\/736"}],"collection":[{"href":"http:\/\/www.anhdong.com.vn\/adw\/wp-json\/wp\/v2\/product"}],"about":[{"href":"http:\/\/www.anhdong.com.vn\/adw\/wp-json\/wp\/v2\/types\/product"}],"wp:featuredmedia":[{"embeddable":true,"href":"http:\/\/www.anhdong.com.vn\/adw\/wp-json\/wp\/v2\/media\/1230"}],"wp:attachment":[{"href":"http:\/\/www.anhdong.com.vn\/adw\/wp-json\/wp\/v2\/media?parent=736"}],"curies":[{"name":"wp","href":"https:\/\/api.w.org\/{rel}","templated":true}]}}