{"id":2051,"date":"2020-05-16T16:18:45","date_gmt":"2020-05-16T09:18:45","guid":{"rendered":"http:\/\/www.anhdong.com.vn\/adw\/?post_type=product&#038;p=2051"},"modified":"2020-05-16T16:31:31","modified_gmt":"2020-05-16T09:31:31","slug":"van-rut-khi-nen-kn-01","status":"publish","type":"product","link":"http:\/\/www.anhdong.com.vn\/adw\/sanpham\/van-rut-khi-nen-kn-01\/","title":{"rendered":"VAN R\u00daT KH\u00cd N\u00c9N KN-01"},"content":{"rendered":"<p><img loading=\"lazy\" class=\"wp-post-image aligncenter\" src=\"http:\/\/www.anhdong.com.vn\/adw\/wp-content\/uploads\/105-05_VAN_KN-01_01.jpg\" width=\"600\" height=\"600\" \/><\/p>\n","protected":false},"excerpt":{"rendered":"<h3>M\u00e3 s\u1ea3n ph\u1ea9m : KN-01<\/h3>\n","protected":false},"featured_media":2037,"template":"","meta":[],"_links":{"self":[{"href":"http:\/\/www.anhdong.com.vn\/adw\/wp-json\/wp\/v2\/product\/2051"}],"collection":[{"href":"http:\/\/www.anhdong.com.vn\/adw\/wp-json\/wp\/v2\/product"}],"about":[{"href":"http:\/\/www.anhdong.com.vn\/adw\/wp-json\/wp\/v2\/types\/product"}],"wp:featuredmedia":[{"embeddable":true,"href":"http:\/\/www.anhdong.com.vn\/adw\/wp-json\/wp\/v2\/media\/2037"}],"wp:attachment":[{"href":"http:\/\/www.anhdong.com.vn\/adw\/wp-json\/wp\/v2\/media?parent=2051"}],"curies":[{"name":"wp","href":"https:\/\/api.w.org\/{rel}","templated":true}]}}