{"id":1408,"date":"2020-02-24T10:10:37","date_gmt":"2020-02-24T03:10:37","guid":{"rendered":"http:\/\/www.anhdong.com.vn\/adw\/?post_type=product&#038;p=1408"},"modified":"2020-02-24T10:22:53","modified_gmt":"2020-02-24T03:22:53","slug":"may-tha-u-15x20","status":"publish","type":"product","link":"http:\/\/www.anhdong.com.vn\/adw\/sanpham\/may-tha-u-15x20\/","title":{"rendered":"M\u00c1Y THA-U-15X20"},"content":{"rendered":"<p><img loading=\"lazy\" class=\"wp-post-image aligncenter\" src=\"http:\/\/www.anhdong.com.vn\/adw\/wp-content\/uploads\/005-05_M\u00c1Y_THA-U-15X20_02.jpg\" width=\"600\" height=\"600\" \/><br \/>\n<img loading=\"lazy\" class=\"wp-post-image aligncenter\" src=\"http:\/\/www.anhdong.com.vn\/adw\/wp-content\/uploads\/005-05_M\u00c1Y_THA-U-15X20_03.jpg\" width=\"600\" height=\"600\" \/><br \/>\n<img loading=\"lazy\" class=\"wp-post-image aligncenter\" src=\"http:\/\/www.anhdong.com.vn\/adw\/wp-content\/uploads\/005-05_M\u00c1Y_THA-U-15X20_04.jpg\" width=\"600\" height=\"600\" \/><\/p>\n","protected":false},"excerpt":{"rendered":"<h3>Th\u00f4ng s\u1ed1 c\u01a1 b\u1ea3n c\u1ee7a m\u00e1y<\/h3>\n<p>&#8211; K\u00edch th\u01b0\u1edbc m\u00e1y: d\u00e0i 1200mm x r\u1ed9ng 420mm x cao 900mm<br \/>\n&#8211; Tr\u1ecdng l\u01b0\u1ee3ng m\u00e1y: 300Kg<br \/>\n&#8211; C\u00f4ng su\u1ea5t m\u00e1y: 1.5Kw, \u0111\u1ed9ng c\u01a1 1 pha 220V ho\u1eb7c 3 pha 380V<br \/>\n&#8211; T\u1ed1c \u0111\u1ed9 c\u00e1n: 8 m\u00e9t\/ph\u00fat<br \/>\n&#8211; \u0110\u1ed9 d\u00e0y Tole t\u1eeb 0.3mm \u0111\u1ebfn 0.6mm<\/p>\n<h3>T\u00ednh n\u0103ng<\/h3>\n<p>&#8211; Khu\u00f4n c\u00e1n \u0111\u01b0\u1ee3c l\u00e0m t\u1eeb th\u00e9p nh\u1eadp kh\u1ea9u v\u00e0 \u0111\u01b0\u1ee3c nhi\u1ec7t luy\u1ec7n \u0111\u1ea1t \u0111\u1ed9 c\u1ee9ng 58HRC<br \/>\n&#8211; Nh\u1eadn gia c\u00f4ng, thi\u1ebft k\u1ebf, ch\u1ebf t\u1ea1o m\u00e1y theo y\u00eau c\u1ea7u kh\u00e1ch h\u00e0ng<\/p>\n<h3>\u01afu \u0111i\u1ec3m<\/h3>\n<p>&#8211; M\u00e1y c\u00e1n ra bi\u00ean d\u1ea1ng h\u00ecnh 1, h\u00ecnh 2, h\u00ecnh 3<br \/>\n&#8211; \u1ee8ng d\u1ee5ng l\u00e0m khung t\u00fai l\u1ecdc b\u1ee5i<\/p>\n","protected":false},"featured_media":1118,"template":"","meta":[],"_links":{"self":[{"href":"http:\/\/www.anhdong.com.vn\/adw\/wp-json\/wp\/v2\/product\/1408"}],"collection":[{"href":"http:\/\/www.anhdong.com.vn\/adw\/wp-json\/wp\/v2\/product"}],"about":[{"href":"http:\/\/www.anhdong.com.vn\/adw\/wp-json\/wp\/v2\/types\/product"}],"wp:featuredmedia":[{"embeddable":true,"href":"http:\/\/www.anhdong.com.vn\/adw\/wp-json\/wp\/v2\/media\/1118"}],"wp:attachment":[{"href":"http:\/\/www.anhdong.com.vn\/adw\/wp-json\/wp\/v2\/media?parent=1408"}],"curies":[{"name":"wp","href":"https:\/\/api.w.org\/{rel}","templated":true}]}}