{"id":1403,"date":"2020-02-24T09:56:55","date_gmt":"2020-02-24T02:56:55","guid":{"rendered":"http:\/\/www.anhdong.com.vn\/adw\/?post_type=product&#038;p=1403"},"modified":"2020-02-24T09:59:36","modified_gmt":"2020-02-24T02:59:36","slug":"may-lari-c-6x54","status":"publish","type":"product","link":"http:\/\/www.anhdong.com.vn\/adw\/sanpham\/may-lari-c-6x54\/","title":{"rendered":"M\u00c1Y LARI-C-6X54"},"content":{"rendered":"<p><img loading=\"lazy\" class=\"wp-post-image aligncenter\" src=\"http:\/\/www.anhdong.com.vn\/adw\/wp-content\/uploads\/005-03_M\u00c1Y_LARI-C-6X54_02.jpg\" width=\"600\" height=\"600\" \/><br \/>\n<img loading=\"lazy\" class=\"wp-post-image aligncenter\" src=\"http:\/\/www.anhdong.com.vn\/adw\/wp-content\/uploads\/005-03_M\u00c1Y_LARI-C-6X54_03.jpg\" width=\"600\" height=\"600\" \/><br \/>\n<img loading=\"lazy\" class=\"wp-post-image aligncenter\" src=\"http:\/\/www.anhdong.com.vn\/adw\/wp-content\/uploads\/005-03_M\u00c1Y_LARI-C-6X54_04.jpg\" width=\"600\" height=\"600\" \/><\/p>\n","protected":false},"excerpt":{"rendered":"<h3>Th\u00f4ng s\u1ed1 c\u01a1 b\u1ea3n c\u1ee7a m\u00e1y<\/h3>\n<p>&#8211; K\u00edch th\u01b0\u1edbc m\u00e1y: d\u00e0i 1200 x r\u1ed9ng 500 x cao 1100mm<br \/>\n&#8211; Tr\u1ecdng l\u01b0\u1ee3ng m\u00e1y: 300Kg<br \/>\n&#8211; C\u00f4ng su\u1ea5t m\u00e1y: 2.2Kw, \u0111\u1ed9ng c\u01a1 1 pha 220V ho\u1eb7c 3 pha 380V<br \/>\n&#8211; T\u1ed1c \u0111\u1ed9 c\u00e1n: 8 m\u00e9t\/ph\u00fat<br \/>\n&#8211; \u0110\u1ed9 d\u00e0y Tole t\u1eeb 0.3 \u0111\u1ebfn 0.6mm<br \/>\n&#8211; \u1ee8ng d\u1ee5ng: l\u00e0m thanh l\u00f3t gi\u01b0\u1eddng s\u1eaft, l\u00e0m che n\u1eafng v\u00e0 trang tr\u00ed m\u1eb7t ti\u1ec1n nh\u00e0, c\u00f4ng tr\u00ecnh&#8230;.<\/p>\n<h3>T\u00ednh n\u0103ng<\/h3>\n<p>&#8211; Khu\u00f4n c\u00e1n \u0111\u01b0\u1ee3c l\u00e0m t\u1eeb th\u00e9p v\u00e0 \u0111\u01b0\u1ee3c nhi\u1ec7t luy\u1ec7n \u0111\u1ea1t \u0111\u1ed9 c\u1ee9ng 58HRC<br \/>\n&#8211; Nh\u1eadn t\u01b0 v\u1ea5n, thi\u1ebft k\u1ebf, ch\u1ebf t\u1ea1o m\u00e1y theo y\u00eau c\u1ea7u<\/p>\n<h3>\u01afu \u0111i\u1ec3m<\/h3>\n<p>&#8211; M\u00e1y d\u00f9ng \u0111\u1ec3 c\u00e1n thanh LAMRI (v\u1ea1t gi\u01b0\u1eddng) C-6X54<\/p>\n","protected":false},"featured_media":1094,"template":"","meta":[],"_links":{"self":[{"href":"http:\/\/www.anhdong.com.vn\/adw\/wp-json\/wp\/v2\/product\/1403"}],"collection":[{"href":"http:\/\/www.anhdong.com.vn\/adw\/wp-json\/wp\/v2\/product"}],"about":[{"href":"http:\/\/www.anhdong.com.vn\/adw\/wp-json\/wp\/v2\/types\/product"}],"wp:featuredmedia":[{"embeddable":true,"href":"http:\/\/www.anhdong.com.vn\/adw\/wp-json\/wp\/v2\/media\/1094"}],"wp:attachment":[{"href":"http:\/\/www.anhdong.com.vn\/adw\/wp-json\/wp\/v2\/media?parent=1403"}],"curies":[{"name":"wp","href":"https:\/\/api.w.org\/{rel}","templated":true}]}}