{"id":1402,"date":"2020-02-24T09:51:10","date_gmt":"2020-02-24T02:51:10","guid":{"rendered":"http:\/\/www.anhdong.com.vn\/adw\/?post_type=product&#038;p=1402"},"modified":"2020-02-24T09:56:33","modified_gmt":"2020-02-24T02:56:33","slug":"may-tha-c-35x26","status":"publish","type":"product","link":"http:\/\/www.anhdong.com.vn\/adw\/sanpham\/may-tha-c-35x26\/","title":{"rendered":"M\u00c1Y THA-C-35X26"},"content":{"rendered":"<p><img loading=\"lazy\" class=\"wp-post-image aligncenter\" src=\"http:\/\/www.anhdong.com.vn\/adw\/wp-content\/uploads\/005-02_M\u00c1Y_THA-C-35X26_02.jpg\" width=\"600\" height=\"600\" \/><br \/>\n<img loading=\"lazy\" class=\"wp-post-image aligncenter\" src=\"http:\/\/www.anhdong.com.vn\/adw\/wp-content\/uploads\/005-02_M\u00c1Y_THA-C-35X26_03.jpg\" width=\"600\" height=\"600\" \/><br \/>\n<img loading=\"lazy\" class=\"wp-post-image aligncenter\" src=\"http:\/\/www.anhdong.com.vn\/adw\/wp-content\/uploads\/005-02_M\u00c1Y_THA-C-35X26_04.jpg\" width=\"600\" height=\"600\" \/><\/p>\n","protected":false},"excerpt":{"rendered":"<h3>Th\u00f4ng s\u1ed1 c\u01a1 b\u1ea3n c\u1ee7a m\u00e1y<\/h3>\n<p>&#8211; K\u00edch th\u01b0\u1edbc m\u00e1y: d\u00e0i 3200mm x r\u1ed9ng 500mm x cao 800mm<br \/>\n&#8211; Tr\u1ecdng l\u01b0\u1ee3ng m\u00e1y: 800Kg<br \/>\n&#8211; V\u1eadt li\u1ec7u tole ho\u1eb7c inox d\u1ea1ng b\u0103ng cu\u1ed9n<br \/>\n&#8211; \u0110\u1ed9ng c\u01a1 m\u00e1y c\u00e1n: \u0111\u1ed9ng c\u01a1 gi\u1ea3m t\u1ed1c 3 pha-380V, 3.7Kw, c\u00f3 h\u1ed7 tr\u1ee3 th\u1eafng<br \/>\n&#8211; T\u1ed1c \u0111\u1ed9 c\u00e1n: 6m\/ph\u00fat<br \/>\n&#8211; \u0110\u1ed9ng c\u01a1 b\u01a1m d\u1ea7u: 3 pha-380V, 1.5Kw<br \/>\n&#8211; \u0110\u1ed9 d\u00e0y tole: 1.2mm \u0111\u1ebfn 1.6mm<br \/>\n&#8211; Chi\u1ec1u d\u00e0i s\u1ea3n ph\u1ea9m t\u1ed1i \u0111a 6000mm (t\u00f9y chi\u1ec1u d\u00e0i gi\u00e1 \u0111\u1ee1)<br \/>\n&#8211; Nh\u1eadp chi\u1ec1u d\u00e0i v\u00e0 s\u1ed1 l\u01b0\u1ee3ng s\u1ea3n ph\u1ea9m qua m\u00e0n h\u00ecnh c\u1ea3m \u1ee9ng<br \/>\n&#8211; B\u1ed9 x\u1ea3 cu\u1ed9n ch\u1ecbu t\u1ea3i: 1000kg<\/p>\n<h3>T\u00ednh n\u0103ng<\/h3>\n<p>&#8211; Khu\u00f4n c\u00e1n \u0111\u01b0\u1ee3c l\u00e0m t\u1eeb th\u00e9p v\u00e0 \u0111\u01b0\u1ee3c nhi\u1ec7t luy\u1ec7n \u0111\u1ea1t \u0111\u1ed9 c\u1ee9ng 58HRC<br \/>\n&#8211; Nh\u1eadn t\u01b0 v\u1ea5n, thi\u1ebft k\u1ebf, ch\u1ebf t\u1ea1o m\u00e1y theo y\u00eau c\u1ea7u<\/p>\n<h3>\u01afu \u0111i\u1ec3m<\/h3>\n<p>&#8211; M\u00e1y d\u00f9ng \u0111\u1ec3 c\u00e1n thanh C35 x 26 x 1.6<\/p>\n","protected":false},"featured_media":1090,"template":"","meta":[],"_links":{"self":[{"href":"http:\/\/www.anhdong.com.vn\/adw\/wp-json\/wp\/v2\/product\/1402"}],"collection":[{"href":"http:\/\/www.anhdong.com.vn\/adw\/wp-json\/wp\/v2\/product"}],"about":[{"href":"http:\/\/www.anhdong.com.vn\/adw\/wp-json\/wp\/v2\/types\/product"}],"wp:featuredmedia":[{"embeddable":true,"href":"http:\/\/www.anhdong.com.vn\/adw\/wp-json\/wp\/v2\/media\/1090"}],"wp:attachment":[{"href":"http:\/\/www.anhdong.com.vn\/adw\/wp-json\/wp\/v2\/media?parent=1402"}],"curies":[{"name":"wp","href":"https:\/\/api.w.org\/{rel}","templated":true}]}}