{"id":1401,"date":"2020-02-24T09:47:58","date_gmt":"2020-02-24T02:47:58","guid":{"rendered":"http:\/\/www.anhdong.com.vn\/adw\/?post_type=product&#038;p=1401"},"modified":"2020-02-24T09:50:59","modified_gmt":"2020-02-24T02:50:59","slug":"may-tha-c-2-size","status":"publish","type":"product","link":"http:\/\/www.anhdong.com.vn\/adw\/sanpham\/may-tha-c-2-size\/","title":{"rendered":"M\u00c1Y THA-C-2-SIZE"},"content":{"rendered":"<p><img loading=\"lazy\" class=\"wp-post-image aligncenter\" src=\"http:\/\/www.anhdong.com.vn\/adw\/wp-content\/uploads\/005-02_M\u00c1Y_THA-C-2-SIZE_02.jpg\" width=\"600\" height=\"600\" \/><br \/>\n<img loading=\"lazy\" class=\"wp-post-image aligncenter\" src=\"http:\/\/www.anhdong.com.vn\/adw\/wp-content\/uploads\/005-02_M\u00c1Y_THA-C-2-SIZE_03.jpg\" width=\"600\" height=\"600\" \/><br \/>\n<img loading=\"lazy\" class=\"wp-post-image aligncenter\" src=\"http:\/\/www.anhdong.com.vn\/adw\/wp-content\/uploads\/005-02_M\u00c1Y_THA-C-2-SIZE_04.jpg\" width=\"600\" height=\"600\" \/><\/p>\n","protected":false},"excerpt":{"rendered":"<h3>Th\u00f4ng s\u1ed1 c\u01a1 b\u1ea3n c\u1ee7a m\u00e1y<\/h3>\n<p>&#8211; K\u00edch th\u01b0\u1edbc m\u00e1y: d\u00e0i 3000mm x r\u1ed9ng 900mm x cao 1200mm<br \/>\n&#8211; Tr\u1ecdng l\u01b0\u1ee3ng m\u00e1y: 1000Kg<br \/>\n&#8211; M\u00e1y bao g\u1ed3m: 1 b\u1ed9 x\u1ea3 cu\u1ed9n t\u1ea3i 1000Kg, 1 khung m\u00e1ng ch\u1ee9a dung d\u1ecbch b\u00f4i tr\u01a1n l\u00e0m m\u00e1t khu\u00f4n c\u00e1n, 1 m\u00e1y c\u00e1n h\u00ecnh 2 size, 1 m\u00e1y c\u1eaft thanh th\u1ee7y l\u1ef1c v\u00e0 khu\u00f4n c\u1eaft, 1 m\u00e1ng \u0111\u1ee1 thanh c\u00e1n th\u00e0nh ph\u1ea9m<br \/>\n&#8211; C\u00f4ng su\u1ea5t \u0111\u1ed9ng c\u01a1 m\u00e1y c\u00e1n: 3 pha, 380V- 7.5Kw<br \/>\n&#8211; C\u00f4ng su\u1ea5t c\u1eaft thanh th\u1ee7y l\u1ef1c: 3pha, 380V-1.5Kw<br \/>\n&#8211; M\u00e1y c\u00f3 2 ch\u1ebf \u0111\u1ed9: tay v\u00e0 t\u1ef1 \u0111\u1ed9ng<br \/>\n&#8211; K\u00edch th\u01b0\u1edbc v\u00e0 s\u1ed1 l\u01b0\u1ee3ng s\u1ea3n ph\u1ea9m nh\u1eadp qua m\u00e0n h\u00ecnh \u0111i\u1ec1u khi\u1ec3n c\u1ea3m \u1ee9ng<\/p>\n<h3>T\u00ednh n\u0103ng<\/h3>\n<p>&#8211; Khu\u00f4n c\u00e1n \u0111\u01b0\u1ee3c l\u00e0m t\u1eeb th\u00e9p v\u00e0 \u0111\u01b0\u1ee3c nhi\u1ec7t luy\u1ec7n \u0111\u1ea1t \u0111\u1ed9 c\u1ee9ng 58HRC<br \/>\n&#8211; Nh\u1eadn t\u01b0 v\u1ea5n, thi\u1ebft k\u1ebf, ch\u1ebf t\u1ea1o m\u00e1y theo y\u00eau c\u1ea7u<\/p>\n<h3>\u01afu \u0111i\u1ec3m<\/h3>\n<p>&#8211; M\u00e1y d\u00f9ng \u0111\u1ec3 c\u00e1n thanh ray treo C, c\u00e1n \u0111\u01b0\u1ee3c 2 size: C35 x 58 x 1.6, C30 x 42 x 1.6<\/p>\n","protected":false},"featured_media":1086,"template":"","meta":[],"_links":{"self":[{"href":"http:\/\/www.anhdong.com.vn\/adw\/wp-json\/wp\/v2\/product\/1401"}],"collection":[{"href":"http:\/\/www.anhdong.com.vn\/adw\/wp-json\/wp\/v2\/product"}],"about":[{"href":"http:\/\/www.anhdong.com.vn\/adw\/wp-json\/wp\/v2\/types\/product"}],"wp:featuredmedia":[{"embeddable":true,"href":"http:\/\/www.anhdong.com.vn\/adw\/wp-json\/wp\/v2\/media\/1086"}],"wp:attachment":[{"href":"http:\/\/www.anhdong.com.vn\/adw\/wp-json\/wp\/v2\/media?parent=1401"}],"curies":[{"name":"wp","href":"https:\/\/api.w.org\/{rel}","templated":true}]}}