{"id":1388,"date":"2020-02-23T16:14:20","date_gmt":"2020-02-23T09:14:20","guid":{"rendered":"http:\/\/www.anhdong.com.vn\/adw\/?post_type=product&#038;p=1388"},"modified":"2020-11-21T10:43:16","modified_gmt":"2020-11-21T03:43:16","slug":"may-baon-022","status":"publish","type":"product","link":"http:\/\/www.anhdong.com.vn\/adw\/sanpham\/may-baon-022\/","title":{"rendered":"M\u00c1Y BAON-022"},"content":{"rendered":"<p><img loading=\"lazy\" class=\"wp-post-image aligncenter\" src=\"http:\/\/www.anhdong.com.vn\/adw\/wp-content\/uploads\/004-01_M\u00c1Y_BAON-022_02.jpg\" width=\"600\" height=\"600\" \/><br \/>\n<img loading=\"lazy\" class=\"wp-post-image aligncenter\" src=\"http:\/\/www.anhdong.com.vn\/adw\/wp-content\/uploads\/004-01_M\u00c1Y_BAON-022_03.jpg\" width=\"600\" height=\"600\" \/><br \/>\n<img loading=\"lazy\" class=\"wp-post-image aligncenter\" src=\"http:\/\/www.anhdong.com.vn\/adw\/wp-content\/uploads\/004-01_M\u00c1Y_BAON-022_04.jpg\" width=\"600\" height=\"600\" \/><\/p>\n","protected":false},"excerpt":{"rendered":"<h3>Th\u00f4ng s\u1ed1 c\u01a1 b\u1ea3n c\u1ee7a m\u00e1y<\/h3>\n<p>&#8211; K\u00edch th\u01b0\u1edbc m\u00e1y: d\u00e0i 600mm x r\u1ed9ng 220mm x cao 500mm<br \/>\n&#8211; Tr\u1ecdng l\u01b0\u1ee3ng m\u00e1y: 27Kg<br \/>\n&#8211; C\u00f4ng su\u1ea5t \u0111\u1ed9ng c\u01a1: \u0111\u1ed9ng c\u01a1 gi\u1ea3m t\u1ed1c 1\/2HP, 3 pha 380V ho\u1eb7c 1 pha 220V<br \/>\n&#8211; \u0110\u1ea3o \u0111\u01b0\u1ee3c chi\u1ec1u quay \u0111\u1ed9ng c\u01a1<br \/>\n&#8211; Ph\u1ee5 t\u00f9ng k\u00e8m theo: 3 b\u1ed9 khu\u00f4n 4, 5, v\u00e0 6, c\u00f3 th\u1ec3 \u0111\u1eb7t th\u00eam theo y\u00eau c\u1ea7u<br \/>\n&#8211; \u0110\u1ed9 d\u00e0y tole Tmax = 1mm<br \/>\n&#8211; \u0110\u1ed9 d\u00e0y Nh\u00f4m Tmax = 1.2mm<br \/>\n&#8211; \u0110\u1ed9 d\u00e0y Inox Tmax = 0.8mm<\/p>\n<h3>\u01afu \u0111i\u1ec3m<\/h3>\n<p>&#8211; Con l\u0103n v\u00e0 c\u1eed ch\u1ec9nh m\u00e9p \u0111\u01b0\u1ee3c l\u00e0m t\u1eeb th\u00e9p nh\u1eadp kh\u1ea9u v\u00e0 \u0111\u01b0\u1ee3c nhi\u1ec7t luy\u1ec7n \u0111\u1ea1t \u0111\u1ed9 c\u1ee9ng 58HRC<\/p>\n","protected":false},"featured_media":2165,"template":"","meta":[],"_links":{"self":[{"href":"http:\/\/www.anhdong.com.vn\/adw\/wp-json\/wp\/v2\/product\/1388"}],"collection":[{"href":"http:\/\/www.anhdong.com.vn\/adw\/wp-json\/wp\/v2\/product"}],"about":[{"href":"http:\/\/www.anhdong.com.vn\/adw\/wp-json\/wp\/v2\/types\/product"}],"wp:featuredmedia":[{"embeddable":true,"href":"http:\/\/www.anhdong.com.vn\/adw\/wp-json\/wp\/v2\/media\/2165"}],"wp:attachment":[{"href":"http:\/\/www.anhdong.com.vn\/adw\/wp-json\/wp\/v2\/media?parent=1388"}],"curies":[{"name":"wp","href":"https:\/\/api.w.org\/{rel}","templated":true}]}}